{"id":2801,"date":"2019-10-07T14:28:35","date_gmt":"2019-10-07T14:28:35","guid":{"rendered":"http:\/\/www.cnsariera.com\/le-temps\/"},"modified":"2025-05-26T13:07:37","modified_gmt":"2025-05-26T13:07:37","slug":"le-temps","status":"publish","type":"page","link":"https:\/\/www.cnsariera.com\/fr\/le-temps\/","title":{"rendered":"Le temps"},"content":{"rendered":"\t\t<div data-elementor-type=\"wp-page\" data-elementor-id=\"2801\" class=\"elementor elementor-2801 elementor-333\">\n\t\t\t\t\t\t<section class=\"elementor-section elementor-top-section elementor-element elementor-element-6d85460 elementor-section-full_width elementor-section-height-default elementor-section-height-default parallax_section_no qode_elementor_container_no\" data-id=\"6d85460\" data-element_type=\"section\" data-e-type=\"section\">\n\t\t\t\t\t\t<div class=\"elementor-container elementor-column-gap-default\">\n\t\t\t\t\t<div class=\"elementor-column elementor-col-100 elementor-top-column elementor-element elementor-element-fe723cf\" data-id=\"fe723cf\" data-element_type=\"column\" data-e-type=\"column\">\n\t\t\t<div class=\"elementor-widget-wrap elementor-element-populated\">\n\t\t\t\t\t\t<div class=\"elementor-element elementor-element-d0db7c8 elementor-widget elementor-widget-image\" data-id=\"d0db7c8\" data-element_type=\"widget\" data-e-type=\"widget\" data-widget_type=\"image.default\">\n\t\t\t\t<div class=\"elementor-widget-container\">\n\t\t\t\t\t\t\t\t\t\t\t\t\t\t\t<img fetchpriority=\"high\" decoding=\"async\" width=\"1920\" height=\"600\" src=\"https:\/\/www.cnsariera.com\/wp-content\/uploads\/2023\/03\/heaser_el_temps_OK.jpg\" class=\"attachment-full size-full wp-image-2120\" alt=\"\" srcset=\"https:\/\/www.cnsariera.com\/wp-content\/uploads\/2023\/03\/heaser_el_temps_OK.jpg 1920w, https:\/\/www.cnsariera.com\/wp-content\/uploads\/2023\/03\/heaser_el_temps_OK-300x94.jpg 300w, https:\/\/www.cnsariera.com\/wp-content\/uploads\/2023\/03\/heaser_el_temps_OK-1024x320.jpg 1024w, https:\/\/www.cnsariera.com\/wp-content\/uploads\/2023\/03\/heaser_el_temps_OK-768x240.jpg 768w, https:\/\/www.cnsariera.com\/wp-content\/uploads\/2023\/03\/heaser_el_temps_OK-1536x480.jpg 1536w, https:\/\/www.cnsariera.com\/wp-content\/uploads\/2023\/03\/heaser_el_temps_OK-700x219.jpg 700w\" sizes=\"(max-width: 1920px) 100vw, 1920px\" \/>\t\t\t\t\t\t\t\t\t\t\t\t\t\t\t<\/div>\n\t\t\t\t<\/div>\n\t\t\t\t\t<\/div>\n\t\t<\/div>\n\t\t\t\t\t<\/div>\n\t\t<\/section>\n\t\t\t\t<section class=\"elementor-section elementor-top-section elementor-element elementor-element-eb1c1ff qode_elementor_container_inner elementor-section-boxed elementor-section-height-default elementor-section-height-default parallax_section_no\" data-id=\"eb1c1ff\" data-element_type=\"section\" data-e-type=\"section\">\n\t\t\t\t\t\t<div class=\"elementor-container elementor-column-gap-default\">\n\t\t\t\t\t<div class=\"elementor-column elementor-col-50 elementor-top-column elementor-element elementor-element-4fd9edb\" data-id=\"4fd9edb\" data-element_type=\"column\" data-e-type=\"column\">\n\t\t\t<div class=\"elementor-widget-wrap elementor-element-populated\">\n\t\t\t\t\t\t<div class=\"elementor-element elementor-element-e78eaa7 elementor-widget elementor-widget-heading\" data-id=\"e78eaa7\" data-element_type=\"widget\" data-e-type=\"widget\" data-widget_type=\"heading.default\">\n\t\t\t\t<div class=\"elementor-widget-container\">\n\t\t\t\t\t<h3 class=\"elementor-heading-title elementor-size-default\">meteocat<\/h3>\t\t\t\t<\/div>\n\t\t\t\t<\/div>\n\t\t\t\t<div class=\"elementor-element elementor-element-9cf6641 elementor-widget elementor-widget-text-editor\" data-id=\"9cf6641\" data-element_type=\"widget\" data-e-type=\"widget\" data-widget_type=\"text-editor.default\">\n\t\t\t\t<div class=\"elementor-widget-container\">\n\t\t\t\t\t\t\t\t\t<p>Le <strong><span style=\"text-decoration: underline;\"><a href=\"https:\/\/www.meteo.cat\" target=\"_blank\" rel=\"noopener\">service m\u00e9t\u00e9orologique de Catalogne<\/a><\/span><\/strong> <\/p>\n<p>met \u00e0 jour chaque jour les pr\u00e9visions m\u00e9t\u00e9orologiques et maritimes pour la c\u00f4te catalane.<\/p>\n\t\t\t\t\t\t\t\t<\/div>\n\t\t\t\t<\/div>\n\t\t\t\t<div class=\"elementor-element elementor-element-5263d4e elementor-widget elementor-widget-text-editor\" data-id=\"5263d4e\" data-element_type=\"widget\" data-e-type=\"widget\" data-widget_type=\"text-editor.default\">\n\t\t\t\t<div class=\"elementor-widget-container\">\n\t\t\t\t\t\t\t\t\t<p><a href=\"https:\/\/www.meteo.cat\/prediccio\/general\" target=\"_blank\" rel=\"noopener\"><span style=\"text-decoration: underline;\">Pr\u00e9visions m\u00e9t\u00e9orologiques g\u00e9n\u00e9rales<\/span><\/a><\/p><p><span style=\"text-decoration: underline;\"><a href=\"https:\/\/www.meteo.cat\/prediccio\/municipal\/170139\" target=\"_blank\" rel=\"noopener\">Pr\u00e9visions m\u00e9t\u00e9orologiques \u00e0 Begur<\/a><\/span><\/p><p><a href=\"https:\/\/www.meteo.cat\/prediccio\/maritim\" target=\"_blank\" rel=\"noopener\"><span style=\"text-decoration: underline;\">Pr\u00e9vision de la mer<\/span><\/a><\/p><p><a href=\"https:\/\/www.meteo.cat\/prediccio\/platges\" target=\"_blank\" rel=\"noopener\"><span style=\"text-decoration: underline;\">Pr\u00e9vision pour les plages et les sports nautiques<\/span><\/a><\/p><p><a href=\"https:\/\/www.meteo.cat\/prediccio\/platges\/begur-de-sa-riera\" target=\"_blank\" rel=\"noopener\"><span style=\"text-decoration: underline;\">Pr\u00e9vision \u00e0 la platja de Sa Riera<\/span><\/a><\/p>\t\t\t\t\t\t\t\t<\/div>\n\t\t\t\t<\/div>\n\t\t\t\t<div class=\"elementor-element elementor-element-9fbc58c elementor-widget elementor-widget-text-editor\" data-id=\"9fbc58c\" data-element_type=\"widget\" data-e-type=\"widget\" data-widget_type=\"text-editor.default\">\n\t\t\t\t<div class=\"elementor-widget-container\">\n\t\t\t\t\t\t\t\t\t<p>Le <strong>Service m\u00e9t\u00e9orologique de Catalogne<\/strong> dispose d&#8217;un r\u00e9seau de stations m\u00e9t\u00e9orologiques automatiques EMA, dont l&#8217;objectif est de conna\u00eetre la situation m\u00e9t\u00e9orologique mise \u00e0 jour quotidiennement en temps r\u00e9el sur l&#8217;ensemble du territoire.<\/p>\n<p>Les EMA les plus proches de Sa Riera sont :<\/p>\n\t\t\t\t\t\t\t\t<\/div>\n\t\t\t\t<\/div>\n\t\t\t\t<div class=\"elementor-element elementor-element-4eb422d elementor-widget elementor-widget-text-editor\" data-id=\"4eb422d\" data-element_type=\"widget\" data-e-type=\"widget\" data-widget_type=\"text-editor.default\">\n\t\t\t\t<div class=\"elementor-widget-container\">\n\t\t\t\t\t\t\t\t\t<p><a href=\"https:\/\/www.meteo.cat\/observacions\/xema\/dades?codi=UE\" target=\"_blank\" rel=\"noopener\"><span style=\"text-decoration: underline;\">Torroella de Montgr\u00ed (UE)<\/span><\/a><br \/><a href=\"https:\/\/www.meteo.cat\/observacions\/xema\/dades?codi=DF\" target=\"_blank\" rel=\"noopener\"><span style=\"text-decoration: underline;\">La Bisbal d\u2019Empord\u00e0 (DF)<\/span><\/a><br \/><span style=\"text-decoration: underline;\"><a href=\"https:\/\/www.meteo.cat\/observacions\/xema\/dades?codi=DO\" target=\"_blank\" rel=\"noopener\">Castell-Platja d\u2019Aro (DO)<\/a><\/span><\/p><p><a href=\"https:\/\/www.meteo.cat\/wpweb\/climatologia\/el-clima-ara\/temperatura-del-mar\" target=\"_blank\" rel=\"noopener\"><span style=\"text-decoration: underline;\">Temp\u00e9rature de la mer<\/span><\/a><br \/><a href=\"https:\/\/www.meteo.cat\/prediccio\/uvi\" target=\"_blank\" rel=\"noopener\"><span style=\"text-decoration: underline;\">Indice ultraviolet (UVI)<\/span><\/a><\/p>\t\t\t\t\t\t\t\t<\/div>\n\t\t\t\t<\/div>\n\t\t\t\t<div class=\"elementor-element elementor-element-12d3187 elementor-widget elementor-widget-image\" data-id=\"12d3187\" data-element_type=\"widget\" data-e-type=\"widget\" data-widget_type=\"image.default\">\n\t\t\t\t<div class=\"elementor-widget-container\">\n\t\t\t\t\t\t\t\t\t\t\t\t\t\t\t<img decoding=\"async\" width=\"259\" height=\"172\" src=\"https:\/\/www.cnsariera.com\/wp-content\/uploads\/2023\/03\/logo_meteocat.jpg\" class=\"attachment-large size-large wp-image-2030\" alt=\"\" \/>\t\t\t\t\t\t\t\t\t\t\t\t\t\t\t<\/div>\n\t\t\t\t<\/div>\n\t\t\t\t<div class=\"elementor-element elementor-element-7fb168c elementor-widget-divider--view-line elementor-widget elementor-widget-divider\" data-id=\"7fb168c\" data-element_type=\"widget\" data-e-type=\"widget\" data-widget_type=\"divider.default\">\n\t\t\t\t<div class=\"elementor-widget-container\">\n\t\t\t\t\t\t\t<div class=\"elementor-divider\">\n\t\t\t<span class=\"elementor-divider-separator\">\n\t\t\t\t\t\t<\/span>\n\t\t<\/div>\n\t\t\t\t\t\t<\/div>\n\t\t\t\t<\/div>\n\t\t\t\t<div class=\"elementor-element elementor-element-4dda836 elementor-widget elementor-widget-heading\" data-id=\"4dda836\" data-element_type=\"widget\" data-e-type=\"widget\" data-widget_type=\"heading.default\">\n\t\t\t\t<div class=\"elementor-widget-container\">\n\t\t\t\t\t<h3 class=\"elementor-heading-title elementor-size-default\">web cam<\/h3>\t\t\t\t<\/div>\n\t\t\t\t<\/div>\n\t\t\t\t<div class=\"elementor-element elementor-element-f80aa17 elementor-widget elementor-widget-text-editor\" data-id=\"f80aa17\" data-element_type=\"widget\" data-e-type=\"widget\" data-widget_type=\"text-editor.default\">\n\t\t\t\t<div class=\"elementor-widget-container\">\n\t\t\t\t\t\t\t\t\t<p>Vous pouvez consulter l&#8217;\u00e9tat de la mer et la m\u00e9t\u00e9o gr\u00e2ce \u00e0 la Web Cam qui se trouve pr\u00e8s de Sa Riera. La webcam est situ\u00e9e sur la plage de Pals, pr\u00e8s de l&#8217;Estartit, face aux \u00eeles Medes. La Web Cam appartient au Resort la Costa de la platja de Pals, d&#8217;o\u00f9 nous vous remercions de nous permettre de mettre le lien vers le site web du CN Sa Riera.<\/p>\n\t\t\t\t\t\t\t\t<\/div>\n\t\t\t\t<\/div>\n\t\t\t\t<div class=\"elementor-element elementor-element-e30d8c2 elementor-widget elementor-widget-image\" data-id=\"e30d8c2\" data-element_type=\"widget\" data-e-type=\"widget\" data-widget_type=\"image.default\">\n\t\t\t\t<div class=\"elementor-widget-container\">\n\t\t\t\t\t\t\t\t\t\t\t\t\t\t\t<img decoding=\"async\" width=\"101\" height=\"101\" src=\"https:\/\/www.cnsariera.com\/wp-content\/uploads\/2023\/03\/ElTemps_webcam.jpg\" class=\"attachment-medium size-medium wp-image-2033\" alt=\"\" \/>\t\t\t\t\t\t\t\t\t\t\t\t\t\t\t<\/div>\n\t\t\t\t<\/div>\n\t\t\t\t<div class=\"elementor-element elementor-element-37fb4db elementor-widget elementor-widget-text-editor\" data-id=\"37fb4db\" data-element_type=\"widget\" data-e-type=\"widget\" data-widget_type=\"text-editor.default\">\n\t\t\t\t<div class=\"elementor-widget-container\">\n\t\t\t\t\t\t\t\t\t<p><a href=\"https:\/\/player.twitch.tv\/?channel=resortlacosta&amp;muted=true&amp;parent=apartamentsgolf.com\"><span style=\"text-decoration: underline;\"><strong>WEB CAM : La mer \u00e0 la plage de Pals<\/strong><\/span><\/a><\/p>\t\t\t\t\t\t\t\t<\/div>\n\t\t\t\t<\/div>\n\t\t\t\t\t<\/div>\n\t\t<\/div>\n\t\t\t\t<div class=\"elementor-column elementor-col-50 elementor-top-column elementor-element elementor-element-2df96c8\" data-id=\"2df96c8\" data-element_type=\"column\" data-e-type=\"column\">\n\t\t\t<div class=\"elementor-widget-wrap elementor-element-populated\">\n\t\t\t\t\t\t<div class=\"elementor-element elementor-element-e282d32 elementor-widget elementor-widget-heading\" data-id=\"e282d32\" data-element_type=\"widget\" data-e-type=\"widget\" data-widget_type=\"heading.default\">\n\t\t\t\t<div class=\"elementor-widget-container\">\n\t\t\t\t\t<h3 class=\"elementor-heading-title elementor-size-default\">Aemet<\/h3>\t\t\t\t<\/div>\n\t\t\t\t<\/div>\n\t\t\t\t<div class=\"elementor-element elementor-element-3f6f56c elementor-widget elementor-widget-text-editor\" data-id=\"3f6f56c\" data-element_type=\"widget\" data-e-type=\"widget\" data-widget_type=\"text-editor.default\">\n\t\t\t\t<div class=\"elementor-widget-container\">\n\t\t\t\t\t\t\t\t\t<p><strong><a href=\"http:\/\/www.aemet.es\/ca\/eltiempo\/prediccion\/municipios\/begur-id17013\"><span style=\"text-decoration: underline;\">Pr\u00e9visions m\u00e9t\u00e9orologiques pour la municipalit\u00e9 de Begur (Girona)<\/span><\/a><\/strong><\/p>\n<p>Informations pr\u00e9par\u00e9es par l&#8217;Ag\u00e8ncia Estatal de Meteorologia.<\/p>\n<p>Ministeri d&#8217;Agricultura, Alimentaci\u00f3 i Medi Ambient.<\/p>\n\t\t\t\t\t\t\t\t<\/div>\n\t\t\t\t<\/div>\n\t\t\t\t<div class=\"elementor-element elementor-element-71d1bdf elementor-widget elementor-widget-image\" data-id=\"71d1bdf\" data-element_type=\"widget\" data-e-type=\"widget\" data-widget_type=\"image.default\">\n\t\t\t\t<div class=\"elementor-widget-container\">\n\t\t\t\t\t\t\t\t\t\t\t\t\t\t\t<img loading=\"lazy\" decoding=\"async\" width=\"374\" height=\"166\" src=\"https:\/\/www.cnsariera.com\/wp-content\/uploads\/2023\/03\/AEMET.jpg\" class=\"attachment-portfolio-square size-portfolio-square wp-image-2036\" alt=\"\" srcset=\"https:\/\/www.cnsariera.com\/wp-content\/uploads\/2023\/03\/AEMET.jpg 374w, https:\/\/www.cnsariera.com\/wp-content\/uploads\/2023\/03\/AEMET-300x133.jpg 300w\" sizes=\"(max-width: 374px) 100vw, 374px\" \/>\t\t\t\t\t\t\t\t\t\t\t\t\t\t\t<\/div>\n\t\t\t\t<\/div>\n\t\t\t\t<div class=\"elementor-element elementor-element-1d941ca elementor-widget-divider--view-line elementor-widget elementor-widget-divider\" data-id=\"1d941ca\" data-element_type=\"widget\" data-e-type=\"widget\" data-widget_type=\"divider.default\">\n\t\t\t\t<div class=\"elementor-widget-container\">\n\t\t\t\t\t\t\t<div class=\"elementor-divider\">\n\t\t\t<span class=\"elementor-divider-separator\">\n\t\t\t\t\t\t<\/span>\n\t\t<\/div>\n\t\t\t\t\t\t<\/div>\n\t\t\t\t<\/div>\n\t\t\t\t<div class=\"elementor-element elementor-element-23d0392 elementor-widget elementor-widget-heading\" data-id=\"23d0392\" data-element_type=\"widget\" data-e-type=\"widget\" data-widget_type=\"heading.default\">\n\t\t\t\t<div class=\"elementor-widget-container\">\n\t\t\t\t\t<h3 class=\"elementor-heading-title elementor-size-default\">windguru<\/h3>\t\t\t\t<\/div>\n\t\t\t\t<\/div>\n\t\t\t\t<div class=\"elementor-element elementor-element-ec27119 elementor-widget elementor-widget-text-editor\" data-id=\"ec27119\" data-element_type=\"widget\" data-e-type=\"widget\" data-widget_type=\"text-editor.default\">\n\t\t\t\t<div class=\"elementor-widget-container\">\n\t\t\t\t\t\t\t\t\t<p><a href=\"https:\/\/www.windguru.cz\/200\"><strong><span style=\"text-decoration: underline;\">htps:\/\/www.windguru.cz\/200<\/span><\/strong><\/a><\/p>\n\t\t\t\t\t\t\t\t<\/div>\n\t\t\t\t<\/div>\n\t\t\t\t<div class=\"elementor-element elementor-element-a68193b elementor-widget-divider--view-line elementor-widget elementor-widget-divider\" data-id=\"a68193b\" data-element_type=\"widget\" data-e-type=\"widget\" data-widget_type=\"divider.default\">\n\t\t\t\t<div class=\"elementor-widget-container\">\n\t\t\t\t\t\t\t<div class=\"elementor-divider\">\n\t\t\t<span class=\"elementor-divider-separator\">\n\t\t\t\t\t\t<\/span>\n\t\t<\/div>\n\t\t\t\t\t\t<\/div>\n\t\t\t\t<\/div>\n\t\t\t\t<div class=\"elementor-element elementor-element-4ae6f40 elementor-widget elementor-widget-heading\" data-id=\"4ae6f40\" data-element_type=\"widget\" data-e-type=\"widget\" data-widget_type=\"heading.default\">\n\t\t\t\t<div class=\"elementor-widget-container\">\n\t\t\t\t\t<h3 class=\"elementor-heading-title elementor-size-default\">SITE WEB M\u00c9T\u00c9O<\/h3>\t\t\t\t<\/div>\n\t\t\t\t<\/div>\n\t\t\t\t<div class=\"elementor-element elementor-element-2124185 elementor-widget elementor-widget-text-editor\" data-id=\"2124185\" data-element_type=\"widget\" data-e-type=\"widget\" data-widget_type=\"text-editor.default\">\n\t\t\t\t<div class=\"elementor-widget-container\">\n\t\t\t\t\t\t\t\t\t<p><u><a href=\"https:\/\/www.meteo.cat\" target=\"_blank\" rel=\"noopener\"><strong>Service m\u00e9t\u00e9orologique de Catalogne<\/strong><\/a><\/u><\/p><p><u><a href=\"https:\/\/www.meteo.cat\" target=\"_blank\" rel=\"noopener\"><strong>Windguru<\/strong><\/a><br \/><a href=\"https:\/\/www.windguru.cz\/200\" target=\"_blank\" rel=\"noopener\"><strong>Wisuki<\/strong><\/a><br \/><a href=\"https:\/\/windy.app\/forecast2\/spot\/389797\/Pals%2C+Spain\"><strong>Windy<\/strong><\/a><\/u><\/p><p><u><a href=\"https:\/\/www.meteo.cat\/prediccio\/municipal\/170139\" target=\"_blank\" rel=\"noopener\"><strong>Le temps \u00e0 Begur<\/strong><\/a><br \/><a href=\"https:\/\/meteolestartit.cat\" target=\"_blank\" rel=\"noopener\"><strong>Stations m\u00e9t\u00e9orologiques de Torroella de Montgr\u00ed et de L&#8217;Estartit<\/strong><\/a><br \/><a href=\"http:\/\/www.meteopalafrugell.net\" target=\"_blank\" rel=\"noopener\"><strong>M\u00e9t\u00e9o Palafrugell<\/strong><\/a><br \/><a href=\"http:\/\/www.aemet.es\/es\/portada\" target=\"_blank\" rel=\"noopener\"><strong>Agence m\u00e9t\u00e9orologique nationale &#8211; aemet<\/strong><\/a><br \/><a href=\"http:\/\/meteonav.aemet.es\/MeteoNav\/\" target=\"_blank\" rel=\"noopener\"><strong>Pr\u00e9visions maritimes Aemet<\/strong><\/a><br \/><strong><a href=\"https:\/\/www.ccma.cat\/el-temps\" target=\"_blank\" rel=\"noopener\">Aemet pour la navigation maritime &#8211; meteonav<\/a><\/strong><br \/><strong>La m\u00e9t\u00e9o tvc &#8211; ccma<\/strong><br \/><a href=\"https:\/\/www.ccma.cat\/el-temps\/cameres\/costa\" target=\"_blank\" rel=\"noopener\"><strong>webcams m\u00e9t\u00e9o tvc &#8211; ccma<\/strong><\/a><br \/><a href=\"https:\/\/www.eltiempo.es\/begur.html\" target=\"_blank\" rel=\"noopener\"><strong>Le temps \u00e0 Begur<\/strong><\/a><br \/><a href=\"https:\/\/www.eltiempo.es\" target=\"_blank\" rel=\"noopener\"><strong>La m\u00e9t\u00e9o<\/strong><\/a><br \/><a href=\"https:\/\/www.windfinder.com\/#5\/36.1290\/-6.9270\" target=\"_blank\" rel=\"noopener\"><strong>Windfinder<\/strong><\/a><br \/><a href=\"https:\/\/www.windfinder.com\/forecast\/palafrugell\" target=\"_blank\" rel=\"noopener\"><strong>Windfinder Palafrugell<\/strong><\/a><br \/><a href=\"https:\/\/www.predictwind.com\/?lang=es\" target=\"_blank\" rel=\"noopener\"><strong>Predict wind<\/strong><\/a><br \/><a href=\"https:\/\/meteofrance.com\" target=\"_blank\" rel=\"noopener\"><strong>Meteo France<\/strong><\/a><br \/><a href=\"https:\/\/www.weatheronline.co.uk\/sailing\/wind?&amp;03&amp;LANG=en&amp;WIND=g028\" target=\"_blank\" rel=\"noopener\"><strong>Weatheronline<\/strong><\/a><br \/><a href=\"https:\/\/www.ventusky.com\/?p=41.944;3.568;9&amp;l=clouds\" target=\"_blank\" rel=\"noopener\"><strong>Ventusky<\/strong><\/a><br \/><a href=\"https:\/\/meteosim.com\" target=\"_blank\" rel=\"noopener\"><strong>Meteosim<\/strong><\/a><\/u><\/p>\t\t\t\t\t\t\t\t<\/div>\n\t\t\t\t<\/div>\n\t\t\t\t\t<\/div>\n\t\t<\/div>\n\t\t\t\t\t<\/div>\n\t\t<\/section>\n\t\t\t\t<section class=\"elementor-section elementor-top-section elementor-element elementor-element-ce4edcc elementor-section-boxed elementor-section-height-default elementor-section-height-default parallax_section_no qode_elementor_container_no\" data-id=\"ce4edcc\" data-element_type=\"section\" data-e-type=\"section\">\n\t\t\t\t\t\t<div class=\"elementor-container elementor-column-gap-default\">\n\t\t\t\t\t<div class=\"elementor-column elementor-col-100 elementor-top-column elementor-element elementor-element-04ee3c4\" data-id=\"04ee3c4\" data-element_type=\"column\" data-e-type=\"column\">\n\t\t\t<div class=\"elementor-widget-wrap elementor-element-populated\">\n\t\t\t\t\t\t<div class=\"elementor-element elementor-element-fcff076 elementor-widget elementor-widget-spacer\" data-id=\"fcff076\" data-element_type=\"widget\" data-e-type=\"widget\" data-widget_type=\"spacer.default\">\n\t\t\t\t<div class=\"elementor-widget-container\">\n\t\t\t\t\t\t\t<div class=\"elementor-spacer\">\n\t\t\t<div class=\"elementor-spacer-inner\"><\/div>\n\t\t<\/div>\n\t\t\t\t\t\t<\/div>\n\t\t\t\t<\/div>\n\t\t\t\t\t<\/div>\n\t\t<\/div>\n\t\t\t\t\t<\/div>\n\t\t<\/section>\n\t\t\t\t<\/div>\n\t\t","protected":false},"excerpt":{"rendered":"<p>meteocat Le service m\u00e9t\u00e9orologique de Catalogne met \u00e0 jour chaque jour les pr\u00e9visions m\u00e9t\u00e9orologiques et maritimes pour la c\u00f4te catalane. Pr\u00e9visions m\u00e9t\u00e9orologiques g\u00e9n\u00e9rales Pr\u00e9visions m\u00e9t\u00e9orologiques \u00e0 Begur Pr\u00e9vision de la mer Pr\u00e9vision pour les plages et les sports nautiques Pr\u00e9vision \u00e0 la platja de Sa&#8230;<\/p>\n","protected":false},"author":1,"featured_media":0,"parent":0,"menu_order":0,"comment_status":"closed","ping_status":"closed","template":"elementor_header_footer","meta":{"content-type":"","footnotes":""},"class_list":["post-2801","page","type-page","status-publish","hentry"],"_links":{"self":[{"href":"https:\/\/www.cnsariera.com\/fr\/wp-json\/wp\/v2\/pages\/2801","targetHints":{"allow":["GET"]}}],"collection":[{"href":"https:\/\/www.cnsariera.com\/fr\/wp-json\/wp\/v2\/pages"}],"about":[{"href":"https:\/\/www.cnsariera.com\/fr\/wp-json\/wp\/v2\/types\/page"}],"author":[{"embeddable":true,"href":"https:\/\/www.cnsariera.com\/fr\/wp-json\/wp\/v2\/users\/1"}],"replies":[{"embeddable":true,"href":"https:\/\/www.cnsariera.com\/fr\/wp-json\/wp\/v2\/comments?post=2801"}],"version-history":[{"count":13,"href":"https:\/\/www.cnsariera.com\/fr\/wp-json\/wp\/v2\/pages\/2801\/revisions"}],"predecessor-version":[{"id":3777,"href":"https:\/\/www.cnsariera.com\/fr\/wp-json\/wp\/v2\/pages\/2801\/revisions\/3777"}],"wp:attachment":[{"href":"https:\/\/www.cnsariera.com\/fr\/wp-json\/wp\/v2\/media?parent=2801"}],"curies":[{"name":"wp","href":"https:\/\/api.w.org\/{rel}","templated":true}]}}